{"id":93,"date":"2024-02-23T18:14:46","date_gmt":"2024-02-23T23:14:46","guid":{"rendered":"https:\/\/lytdelacosta.com\/?page_id=93"},"modified":"2025-07-22T21:21:55","modified_gmt":"2025-07-23T02:21:55","slug":"politicas-de-calidad","status":"publish","type":"page","link":"https:\/\/lytdelacosta.com\/index.php\/politicas-de-calidad\/","title":{"rendered":"Pol\u00edtica de calidad"},"content":{"rendered":"\t\t<div data-elementor-type=\"wp-page\" data-elementor-id=\"93\" class=\"elementor elementor-93\" data-elementor-post-type=\"page\">\n\t\t\t\t\t\t<section class=\"elementor-section elementor-top-section elementor-element elementor-element-302f5fc6 elementor-section-height-min-height elementor-section-boxed elementor-section-height-default elementor-section-items-middle\" data-id=\"302f5fc6\" data-element_type=\"section\" data-settings=\"{&quot;background_background&quot;:&quot;classic&quot;}\">\n\t\t\t\t\t\t\t<div class=\"elementor-background-overlay\"><\/div>\n\t\t\t\t\t\t\t<div class=\"elementor-container elementor-column-gap-default\">\n\t\t\t\t\t<div class=\"elementor-column elementor-col-100 elementor-top-column elementor-element elementor-element-7d039f62\" data-id=\"7d039f62\" data-element_type=\"column\">\n\t\t\t<div class=\"elementor-widget-wrap elementor-element-populated\">\n\t\t\t\t\t\t<div class=\"elementor-element elementor-element-13f64d0 elementor-widget elementor-widget-elementskit-heading\" data-id=\"13f64d0\" data-element_type=\"widget\" data-widget_type=\"elementskit-heading.default\">\n\t\t\t\t<div class=\"elementor-widget-container\">\n\t\t\t\t\t<div class=\"ekit-wid-con\" ><div class=\"ekit-heading elementskit-section-title-wraper text_left   ekit_heading_tablet-   ekit_heading_mobile-\"><h2 class=\"ekit-heading--title elementskit-section-title \">Pol\u00edtica De <span><span>Calidad<\/span><\/span><\/h2><div class=\"ekit_heading_separetor_wraper ekit_heading_elementskit-border-divider\"><div class=\"elementskit-border-divider\"><\/div><\/div><\/div><\/div>\t\t\t\t<\/div>\n\t\t\t\t<\/div>\n\t\t\t\t\t<\/div>\n\t\t<\/div>\n\t\t\t\t\t<\/div>\n\t\t<\/section>\n\t\t\t\t<section class=\"elementor-section elementor-top-section elementor-element elementor-element-3491ba4e elementor-section-boxed elementor-section-height-default elementor-section-height-default\" data-id=\"3491ba4e\" data-element_type=\"section\" data-settings=\"{&quot;background_background&quot;:&quot;classic&quot;}\">\n\t\t\t\t\t\t<div class=\"elementor-container elementor-column-gap-default\">\n\t\t\t\t\t<div class=\"elementor-column elementor-col-100 elementor-top-column elementor-element elementor-element-4d8885c0\" data-id=\"4d8885c0\" data-element_type=\"column\">\n\t\t\t<div class=\"elementor-widget-wrap elementor-element-populated\">\n\t\t\t\t\t\t<section class=\"elementor-section elementor-inner-section elementor-element elementor-element-ed1d4be elementor-section-boxed elementor-section-height-default elementor-section-height-default\" data-id=\"ed1d4be\" data-element_type=\"section\">\n\t\t\t\t\t\t<div class=\"elementor-container elementor-column-gap-default\">\n\t\t\t\t\t<div class=\"elementor-column elementor-col-50 elementor-inner-column elementor-element elementor-element-4d1eb4c7\" data-id=\"4d1eb4c7\" data-element_type=\"column\">\n\t\t\t<div class=\"elementor-widget-wrap elementor-element-populated\">\n\t\t\t\t\t\t<div class=\"elementor-element elementor-element-7c494f62 elementor-widget elementor-widget-heading\" data-id=\"7c494f62\" data-element_type=\"widget\" data-widget_type=\"heading.default\">\n\t\t\t\t<div class=\"elementor-widget-container\">\n\t\t\t\t\t<div class=\"elementor-heading-title elementor-size-default\">POL\u00cdTICA DE CALIDAD<\/div>\t\t\t\t<\/div>\n\t\t\t\t<\/div>\n\t\t\t\t<div class=\"elementor-element elementor-element-36e4178 elementor-invisible elementor-widget elementor-widget-image\" data-id=\"36e4178\" data-element_type=\"widget\" data-settings=\"{&quot;_animation&quot;:&quot;fadeInLeft&quot;}\" data-widget_type=\"image.default\">\n\t\t\t\t<div class=\"elementor-widget-container\">\n\t\t\t\t\t\t\t\t\t\t\t\t\t\t\t<img fetchpriority=\"high\" decoding=\"async\" width=\"800\" height=\"800\" src=\"https:\/\/lytdelacosta.com\/wp-content\/uploads\/2024\/06\/logisti-y-transporte-de-la-costa-politica-de-calidad-1024x1024.png\" class=\"attachment-large size-large wp-image-1466\" alt=\"\" srcset=\"https:\/\/lytdelacosta.com\/wp-content\/uploads\/2024\/06\/logisti-y-transporte-de-la-costa-politica-de-calidad-1024x1024.png 1024w, https:\/\/lytdelacosta.com\/wp-content\/uploads\/2024\/06\/logisti-y-transporte-de-la-costa-politica-de-calidad-300x300.png 300w, https:\/\/lytdelacosta.com\/wp-content\/uploads\/2024\/06\/logisti-y-transporte-de-la-costa-politica-de-calidad-150x150.png 150w, https:\/\/lytdelacosta.com\/wp-content\/uploads\/2024\/06\/logisti-y-transporte-de-la-costa-politica-de-calidad-768x768.png 768w, https:\/\/lytdelacosta.com\/wp-content\/uploads\/2024\/06\/logisti-y-transporte-de-la-costa-politica-de-calidad.png 1080w\" sizes=\"(max-width: 800px) 100vw, 800px\" \/>\t\t\t\t\t\t\t\t\t\t\t\t\t\t\t<\/div>\n\t\t\t\t<\/div>\n\t\t\t\t\t<\/div>\n\t\t<\/div>\n\t\t\t\t<div class=\"elementor-column elementor-col-50 elementor-inner-column elementor-element elementor-element-323204f1 elementor-invisible\" data-id=\"323204f1\" data-element_type=\"column\" data-settings=\"{&quot;animation&quot;:&quot;fadeInRight&quot;}\">\n\t\t\t<div class=\"elementor-widget-wrap elementor-element-populated\">\n\t\t\t\t\t\t<div class=\"elementor-element elementor-element-78fe2d55 elementor-hidden-tablet elementor-hidden-mobile elementor-widget elementor-widget-spacer\" data-id=\"78fe2d55\" data-element_type=\"widget\" data-widget_type=\"spacer.default\">\n\t\t\t\t<div class=\"elementor-widget-container\">\n\t\t\t\t\t\t\t<div class=\"elementor-spacer\">\n\t\t\t<div class=\"elementor-spacer-inner\"><\/div>\n\t\t<\/div>\n\t\t\t\t\t\t<\/div>\n\t\t\t\t<\/div>\n\t\t\t\t<div class=\"elementor-element elementor-element-4b317cf9 elementor-widget elementor-widget-text-editor\" data-id=\"4b317cf9\" data-element_type=\"widget\" data-widget_type=\"text-editor.default\">\n\t\t\t\t<div class=\"elementor-widget-container\">\n\t\t\t\t\t\t\t\t\t<p><b>LOG\u00cdSTICA Y TRANSPORTE DE LA COSTA SAS<\/b><span style=\"font-weight: 400;\"> tiene como norma fundamental la excelencia en el servicio, plazo, atenci\u00f3n, mejora continua y garant\u00eda hacia sus clientes.<\/span><\/p><p><span style=\"font-weight: 400;\">Disponemos de una extensa clientela que espera de nosotros un nivel de servicio \u00f3ptimo, que les permita encontrar en nuestra organizaci\u00f3n el socio perfecto para el desarrollo de su actividad.<\/span><\/p>\t\t\t\t\t\t\t\t<\/div>\n\t\t\t\t<\/div>\n\t\t\t\t\t<\/div>\n\t\t<\/div>\n\t\t\t\t\t<\/div>\n\t\t<\/section>\n\t\t\t\t\t<\/div>\n\t\t<\/div>\n\t\t\t\t\t<\/div>\n\t\t<\/section>\n\t\t<div class=\"elementor-element elementor-element-a9e935a e-flex e-con-boxed e-con e-parent\" data-id=\"a9e935a\" data-element_type=\"container\">\n\t\t\t\t\t<div class=\"e-con-inner\">\n\t\t<div class=\"elementor-element elementor-element-90c76e7 e-con-full e-flex elementor-invisible e-con e-child\" data-id=\"90c76e7\" data-element_type=\"container\" data-settings=\"{&quot;animation&quot;:&quot;fadeInLeft&quot;}\">\n\t\t\t\t<div class=\"elementor-element elementor-element-2f3df76 elementor-widget elementor-widget-text-editor\" data-id=\"2f3df76\" data-element_type=\"widget\" data-widget_type=\"text-editor.default\">\n\t\t\t\t<div class=\"elementor-widget-container\">\n\t\t\t\t\t\t\t\t\t<p>Nuestro \u00e9xito depender\u00e1, en buena medida, de la satisfacci\u00f3n y confianza que nuestros clientes obtengan del ejercicio de nuestra actividad. Potenciamos la comunicaci\u00f3n asertiva con todas las partes implicadas, con el objeto de cumplir con sus necesidades y expectativas. Realizamos un an\u00e1lisis del entorno y de los procesos claves, con el objeto de consensuar acciones de mejora adecuadas en funci\u00f3n de los resultados obtenidos y de los objetivos establecidos.<\/p>\t\t\t\t\t\t\t\t<\/div>\n\t\t\t\t<\/div>\n\t\t\t\t<\/div>\n\t\t<div class=\"elementor-element elementor-element-3ace3c0 e-con-full e-flex e-con e-child\" data-id=\"3ace3c0\" data-element_type=\"container\">\n\t\t\t\t<div class=\"elementor-element elementor-element-879a93e elementor-invisible elementor-widget elementor-widget-image\" data-id=\"879a93e\" data-element_type=\"widget\" data-settings=\"{&quot;_animation&quot;:&quot;fadeInRight&quot;}\" data-widget_type=\"image.default\">\n\t\t\t\t<div class=\"elementor-widget-container\">\n\t\t\t\t\t\t\t\t\t\t\t\t\t\t\t<img decoding=\"async\" width=\"800\" height=\"800\" src=\"https:\/\/lytdelacosta.com\/wp-content\/uploads\/2024\/06\/logisti-y-transporte-de-la-costa-politica-de-calidad-1-1024x1024.png\" class=\"attachment-large size-large wp-image-1470\" alt=\"\" srcset=\"https:\/\/lytdelacosta.com\/wp-content\/uploads\/2024\/06\/logisti-y-transporte-de-la-costa-politica-de-calidad-1-1024x1024.png 1024w, https:\/\/lytdelacosta.com\/wp-content\/uploads\/2024\/06\/logisti-y-transporte-de-la-costa-politica-de-calidad-1-300x300.png 300w, https:\/\/lytdelacosta.com\/wp-content\/uploads\/2024\/06\/logisti-y-transporte-de-la-costa-politica-de-calidad-1-150x150.png 150w, https:\/\/lytdelacosta.com\/wp-content\/uploads\/2024\/06\/logisti-y-transporte-de-la-costa-politica-de-calidad-1-768x768.png 768w, https:\/\/lytdelacosta.com\/wp-content\/uploads\/2024\/06\/logisti-y-transporte-de-la-costa-politica-de-calidad-1.png 1080w\" sizes=\"(max-width: 800px) 100vw, 800px\" \/>\t\t\t\t\t\t\t\t\t\t\t\t\t\t\t<\/div>\n\t\t\t\t<\/div>\n\t\t\t\t<\/div>\n\t\t\t\t\t<\/div>\n\t\t\t\t<\/div>\n\t\t\t\t<\/div>\n\t\t","protected":false},"excerpt":{"rendered":"<p>Pol\u00edtica De Calidad POL\u00cdTICA DE CALIDAD LOG\u00cdSTICA Y TRANSPORTE DE LA COSTA SAS tiene como norma fundamental la excelencia en el servicio, plazo, atenci\u00f3n, mejora continua y garant\u00eda hacia sus clientes. Disponemos de una extensa clientela que espera de nosotros un nivel de servicio \u00f3ptimo, que les permita encontrar en nuestra organizaci\u00f3n el socio perfecto [&hellip;]<\/p>\n","protected":false},"author":1,"featured_media":0,"parent":0,"menu_order":0,"comment_status":"closed","ping_status":"closed","template":"","meta":{"om_disable_all_campaigns":false,"_monsterinsights_skip_tracking":false,"_monsterinsights_sitenote_active":false,"_monsterinsights_sitenote_note":"","_monsterinsights_sitenote_category":0,"footnotes":""},"_links":{"self":[{"href":"https:\/\/lytdelacosta.com\/index.php\/wp-json\/wp\/v2\/pages\/93"}],"collection":[{"href":"https:\/\/lytdelacosta.com\/index.php\/wp-json\/wp\/v2\/pages"}],"about":[{"href":"https:\/\/lytdelacosta.com\/index.php\/wp-json\/wp\/v2\/types\/page"}],"author":[{"embeddable":true,"href":"https:\/\/lytdelacosta.com\/index.php\/wp-json\/wp\/v2\/users\/1"}],"replies":[{"embeddable":true,"href":"https:\/\/lytdelacosta.com\/index.php\/wp-json\/wp\/v2\/comments?post=93"}],"version-history":[{"count":71,"href":"https:\/\/lytdelacosta.com\/index.php\/wp-json\/wp\/v2\/pages\/93\/revisions"}],"predecessor-version":[{"id":1514,"href":"https:\/\/lytdelacosta.com\/index.php\/wp-json\/wp\/v2\/pages\/93\/revisions\/1514"}],"wp:attachment":[{"href":"https:\/\/lytdelacosta.com\/index.php\/wp-json\/wp\/v2\/media?parent=93"}],"curies":[{"name":"wp","href":"https:\/\/api.w.org\/{rel}","templated":true}]}}